{"id":2682,"date":"2025-12-27T09:41:51","date_gmt":"2025-12-27T09:41:51","guid":{"rendered":"https:\/\/mylifeavize.com\/?post_type=product&#038;p=2682"},"modified":"2025-12-27T09:41:51","modified_gmt":"2025-12-27T09:41:51","slug":"eylul-kucuk-sarkit-led-avize-antrasit","status":"publish","type":"product","link":"https:\/\/mylifeavize.com\/?product=eylul-kucuk-sarkit-led-avize-antrasit","title":{"rendered":"Eyl\u00fcl K\u00fc\u00e7\u00fck Sark\u0131t Led Avize Antrasit"},"content":{"rendered":"","protected":false},"excerpt":{"rendered":"","protected":false},"featured_media":2642,"comment_status":"open","ping_status":"closed","template":"","meta":[],"product_brand":[74],"product_cat":[86],"product_tag":[],"class_list":{"0":"post-2682","1":"product","2":"type-product","3":"status-publish","4":"has-post-thumbnail","6":"product_brand-my-life","7":"product_cat-eleganceledsarkitavizeler","9":"first","10":"instock","11":"taxable","12":"shipping-taxable","13":"product-type-simple"},"_links":{"self":[{"href":"https:\/\/mylifeavize.com\/index.php?rest_route=\/wp\/v2\/product\/2682","targetHints":{"allow":["GET"]}}],"collection":[{"href":"https:\/\/mylifeavize.com\/index.php?rest_route=\/wp\/v2\/product"}],"about":[{"href":"https:\/\/mylifeavize.com\/index.php?rest_route=\/wp\/v2\/types\/product"}],"replies":[{"embeddable":true,"href":"https:\/\/mylifeavize.com\/index.php?rest_route=%2Fwp%2Fv2%2Fcomments&post=2682"}],"version-history":[{"count":1,"href":"https:\/\/mylifeavize.com\/index.php?rest_route=\/wp\/v2\/product\/2682\/revisions"}],"predecessor-version":[{"id":2686,"href":"https:\/\/mylifeavize.com\/index.php?rest_route=\/wp\/v2\/product\/2682\/revisions\/2686"}],"wp:featuredmedia":[{"embeddable":true,"href":"https:\/\/mylifeavize.com\/index.php?rest_route=\/wp\/v2\/media\/2642"}],"wp:attachment":[{"href":"https:\/\/mylifeavize.com\/index.php?rest_route=%2Fwp%2Fv2%2Fmedia&parent=2682"}],"wp:term":[{"taxonomy":"product_brand","embeddable":true,"href":"https:\/\/mylifeavize.com\/index.php?rest_route=%2Fwp%2Fv2%2Fproduct_brand&post=2682"},{"taxonomy":"product_cat","embeddable":true,"href":"https:\/\/mylifeavize.com\/index.php?rest_route=%2Fwp%2Fv2%2Fproduct_cat&post=2682"},{"taxonomy":"product_tag","embeddable":true,"href":"https:\/\/mylifeavize.com\/index.php?rest_route=%2Fwp%2Fv2%2Fproduct_tag&post=2682"}],"curies":[{"name":"wp","href":"https:\/\/api.w.org\/{rel}","templated":true}]}}