{"id":3156,"date":"2025-12-29T12:28:15","date_gmt":"2025-12-29T12:28:15","guid":{"rendered":"https:\/\/mylifeavize.com\/?post_type=product&#038;p=3156"},"modified":"2025-12-29T12:28:15","modified_gmt":"2025-12-29T12:28:15","slug":"arya-ciftli-kristal-tasli-tek-top-led-sarkit-avize-ch","status":"publish","type":"product","link":"https:\/\/mylifeavize.com\/?product=arya-ciftli-kristal-tasli-tek-top-led-sarkit-avize-ch","title":{"rendered":"Arya \u00c7iftli Kristal Ta\u015fl\u0131 Tek Top Led Sark\u0131t Avize CH"},"content":{"rendered":"","protected":false},"excerpt":{"rendered":"","protected":false},"featured_media":2934,"comment_status":"open","ping_status":"closed","template":"","meta":[],"product_brand":[74],"product_cat":[84,83],"product_tag":[],"class_list":{"0":"post-3156","1":"product","2":"type-product","3":"status-publish","4":"has-post-thumbnail","6":"product_brand-my-life","7":"product_cat-duallineledsarkitavizeler","8":"product_cat-modernledsarkitavizeler","10":"first","11":"instock","12":"taxable","13":"shipping-taxable","14":"product-type-simple"},"_links":{"self":[{"href":"https:\/\/mylifeavize.com\/index.php?rest_route=\/wp\/v2\/product\/3156","targetHints":{"allow":["GET"]}}],"collection":[{"href":"https:\/\/mylifeavize.com\/index.php?rest_route=\/wp\/v2\/product"}],"about":[{"href":"https:\/\/mylifeavize.com\/index.php?rest_route=\/wp\/v2\/types\/product"}],"replies":[{"embeddable":true,"href":"https:\/\/mylifeavize.com\/index.php?rest_route=%2Fwp%2Fv2%2Fcomments&post=3156"}],"version-history":[{"count":1,"href":"https:\/\/mylifeavize.com\/index.php?rest_route=\/wp\/v2\/product\/3156\/revisions"}],"predecessor-version":[{"id":3165,"href":"https:\/\/mylifeavize.com\/index.php?rest_route=\/wp\/v2\/product\/3156\/revisions\/3165"}],"wp:featuredmedia":[{"embeddable":true,"href":"https:\/\/mylifeavize.com\/index.php?rest_route=\/wp\/v2\/media\/2934"}],"wp:attachment":[{"href":"https:\/\/mylifeavize.com\/index.php?rest_route=%2Fwp%2Fv2%2Fmedia&parent=3156"}],"wp:term":[{"taxonomy":"product_brand","embeddable":true,"href":"https:\/\/mylifeavize.com\/index.php?rest_route=%2Fwp%2Fv2%2Fproduct_brand&post=3156"},{"taxonomy":"product_cat","embeddable":true,"href":"https:\/\/mylifeavize.com\/index.php?rest_route=%2Fwp%2Fv2%2Fproduct_cat&post=3156"},{"taxonomy":"product_tag","embeddable":true,"href":"https:\/\/mylifeavize.com\/index.php?rest_route=%2Fwp%2Fv2%2Fproduct_tag&post=3156"}],"curies":[{"name":"wp","href":"https:\/\/api.w.org\/{rel}","templated":true}]}}