{"id":3176,"date":"2025-12-29T13:00:29","date_gmt":"2025-12-29T13:00:29","guid":{"rendered":"https:\/\/mylifeavize.com\/?post_type=product&#038;p=3176"},"modified":"2025-12-29T13:00:29","modified_gmt":"2025-12-29T13:00:29","slug":"imza-ciftli-topsuz-led-sarkit-avize-gd","status":"publish","type":"product","link":"https:\/\/mylifeavize.com\/?product=imza-ciftli-topsuz-led-sarkit-avize-gd","title":{"rendered":"\u0130mza \u00c7iftli Topsuz Led Sark\u0131t Avize GD"},"content":{"rendered":"","protected":false},"excerpt":{"rendered":"","protected":false},"featured_media":2966,"comment_status":"open","ping_status":"closed","template":"","meta":[],"product_brand":[74],"product_cat":[84],"product_tag":[],"class_list":{"0":"post-3176","1":"product","2":"type-product","3":"status-publish","4":"has-post-thumbnail","6":"product_brand-my-life","7":"product_cat-duallineledsarkitavizeler","9":"first","10":"instock","11":"taxable","12":"shipping-taxable","13":"product-type-simple"},"_links":{"self":[{"href":"https:\/\/mylifeavize.com\/index.php?rest_route=\/wp\/v2\/product\/3176","targetHints":{"allow":["GET"]}}],"collection":[{"href":"https:\/\/mylifeavize.com\/index.php?rest_route=\/wp\/v2\/product"}],"about":[{"href":"https:\/\/mylifeavize.com\/index.php?rest_route=\/wp\/v2\/types\/product"}],"replies":[{"embeddable":true,"href":"https:\/\/mylifeavize.com\/index.php?rest_route=%2Fwp%2Fv2%2Fcomments&post=3176"}],"version-history":[{"count":1,"href":"https:\/\/mylifeavize.com\/index.php?rest_route=\/wp\/v2\/product\/3176\/revisions"}],"predecessor-version":[{"id":3183,"href":"https:\/\/mylifeavize.com\/index.php?rest_route=\/wp\/v2\/product\/3176\/revisions\/3183"}],"wp:featuredmedia":[{"embeddable":true,"href":"https:\/\/mylifeavize.com\/index.php?rest_route=\/wp\/v2\/media\/2966"}],"wp:attachment":[{"href":"https:\/\/mylifeavize.com\/index.php?rest_route=%2Fwp%2Fv2%2Fmedia&parent=3176"}],"wp:term":[{"taxonomy":"product_brand","embeddable":true,"href":"https:\/\/mylifeavize.com\/index.php?rest_route=%2Fwp%2Fv2%2Fproduct_brand&post=3176"},{"taxonomy":"product_cat","embeddable":true,"href":"https:\/\/mylifeavize.com\/index.php?rest_route=%2Fwp%2Fv2%2Fproduct_cat&post=3176"},{"taxonomy":"product_tag","embeddable":true,"href":"https:\/\/mylifeavize.com\/index.php?rest_route=%2Fwp%2Fv2%2Fproduct_tag&post=3176"}],"curies":[{"name":"wp","href":"https:\/\/api.w.org\/{rel}","templated":true}]}}