{"id":3193,"date":"2025-12-29T13:51:57","date_gmt":"2025-12-29T13:51:57","guid":{"rendered":"https:\/\/mylifeavize.com\/?post_type=product&#038;p=3193"},"modified":"2025-12-29T13:51:58","modified_gmt":"2025-12-29T13:51:58","slug":"yildiz-buyuk-topsuz-led-sarkit-avize-ch","status":"publish","type":"product","link":"https:\/\/mylifeavize.com\/?product=yildiz-buyuk-topsuz-led-sarkit-avize-ch","title":{"rendered":"Y\u0131ld\u0131z B\u00fcy\u00fck Topsuz Led Sark\u0131t Avize CH"},"content":{"rendered":"","protected":false},"excerpt":{"rendered":"","protected":false},"featured_media":2995,"comment_status":"open","ping_status":"closed","template":"","meta":[],"product_brand":[74],"product_cat":[83],"product_tag":[],"class_list":{"0":"post-3193","1":"product","2":"type-product","3":"status-publish","4":"has-post-thumbnail","6":"product_brand-my-life","7":"product_cat-modernledsarkitavizeler","9":"first","10":"instock","11":"taxable","12":"shipping-taxable","13":"product-type-simple"},"_links":{"self":[{"href":"https:\/\/mylifeavize.com\/index.php?rest_route=\/wp\/v2\/product\/3193","targetHints":{"allow":["GET"]}}],"collection":[{"href":"https:\/\/mylifeavize.com\/index.php?rest_route=\/wp\/v2\/product"}],"about":[{"href":"https:\/\/mylifeavize.com\/index.php?rest_route=\/wp\/v2\/types\/product"}],"replies":[{"embeddable":true,"href":"https:\/\/mylifeavize.com\/index.php?rest_route=%2Fwp%2Fv2%2Fcomments&post=3193"}],"version-history":[{"count":1,"href":"https:\/\/mylifeavize.com\/index.php?rest_route=\/wp\/v2\/product\/3193\/revisions"}],"predecessor-version":[{"id":3207,"href":"https:\/\/mylifeavize.com\/index.php?rest_route=\/wp\/v2\/product\/3193\/revisions\/3207"}],"wp:featuredmedia":[{"embeddable":true,"href":"https:\/\/mylifeavize.com\/index.php?rest_route=\/wp\/v2\/media\/2995"}],"wp:attachment":[{"href":"https:\/\/mylifeavize.com\/index.php?rest_route=%2Fwp%2Fv2%2Fmedia&parent=3193"}],"wp:term":[{"taxonomy":"product_brand","embeddable":true,"href":"https:\/\/mylifeavize.com\/index.php?rest_route=%2Fwp%2Fv2%2Fproduct_brand&post=3193"},{"taxonomy":"product_cat","embeddable":true,"href":"https:\/\/mylifeavize.com\/index.php?rest_route=%2Fwp%2Fv2%2Fproduct_cat&post=3193"},{"taxonomy":"product_tag","embeddable":true,"href":"https:\/\/mylifeavize.com\/index.php?rest_route=%2Fwp%2Fv2%2Fproduct_tag&post=3193"}],"curies":[{"name":"wp","href":"https:\/\/api.w.org\/{rel}","templated":true}]}}