{"id":3232,"date":"2025-12-29T14:37:39","date_gmt":"2025-12-29T14:37:39","guid":{"rendered":"https:\/\/mylifeavize.com\/?post_type=product&#038;p=3232"},"modified":"2025-12-29T14:37:40","modified_gmt":"2025-12-29T14:37:40","slug":"hayal-kucuk-kristal-tasli-tek-top-led-sarkit-avize-gd","status":"publish","type":"product","link":"https:\/\/mylifeavize.com\/?product=hayal-kucuk-kristal-tasli-tek-top-led-sarkit-avize-gd","title":{"rendered":"Hayal K\u00fc\u00e7\u00fck Kristal Ta\u015fl\u0131 Tek Top Led Sark\u0131t Avize GD"},"content":{"rendered":"","protected":false},"excerpt":{"rendered":"","protected":false},"featured_media":3061,"comment_status":"open","ping_status":"closed","template":"","meta":[],"product_brand":[74],"product_cat":[83],"product_tag":[],"class_list":{"0":"post-3232","1":"product","2":"type-product","3":"status-publish","4":"has-post-thumbnail","6":"product_brand-my-life","7":"product_cat-modernledsarkitavizeler","9":"first","10":"instock","11":"taxable","12":"shipping-taxable","13":"product-type-simple"},"_links":{"self":[{"href":"https:\/\/mylifeavize.com\/index.php?rest_route=\/wp\/v2\/product\/3232","targetHints":{"allow":["GET"]}}],"collection":[{"href":"https:\/\/mylifeavize.com\/index.php?rest_route=\/wp\/v2\/product"}],"about":[{"href":"https:\/\/mylifeavize.com\/index.php?rest_route=\/wp\/v2\/types\/product"}],"replies":[{"embeddable":true,"href":"https:\/\/mylifeavize.com\/index.php?rest_route=%2Fwp%2Fv2%2Fcomments&post=3232"}],"version-history":[{"count":1,"href":"https:\/\/mylifeavize.com\/index.php?rest_route=\/wp\/v2\/product\/3232\/revisions"}],"predecessor-version":[{"id":3248,"href":"https:\/\/mylifeavize.com\/index.php?rest_route=\/wp\/v2\/product\/3232\/revisions\/3248"}],"wp:featuredmedia":[{"embeddable":true,"href":"https:\/\/mylifeavize.com\/index.php?rest_route=\/wp\/v2\/media\/3061"}],"wp:attachment":[{"href":"https:\/\/mylifeavize.com\/index.php?rest_route=%2Fwp%2Fv2%2Fmedia&parent=3232"}],"wp:term":[{"taxonomy":"product_brand","embeddable":true,"href":"https:\/\/mylifeavize.com\/index.php?rest_route=%2Fwp%2Fv2%2Fproduct_brand&post=3232"},{"taxonomy":"product_cat","embeddable":true,"href":"https:\/\/mylifeavize.com\/index.php?rest_route=%2Fwp%2Fv2%2Fproduct_cat&post=3232"},{"taxonomy":"product_tag","embeddable":true,"href":"https:\/\/mylifeavize.com\/index.php?rest_route=%2Fwp%2Fv2%2Fproduct_tag&post=3232"}],"curies":[{"name":"wp","href":"https:\/\/api.w.org\/{rel}","templated":true}]}}